{"id":280,"date":"2019-04-17T17:27:32","date_gmt":"2019-04-17T17:27:32","guid":{"rendered":"https:\/\/pizzeriapuerto.es\/?page_id=280"},"modified":"2025-12-17T09:26:11","modified_gmt":"2025-12-17T09:26:11","slug":"inicio","status":"publish","type":"page","link":"https:\/\/containerpizzas.es\/en\/","title":{"rendered":"Inicio"},"content":{"rendered":"\t\t<div data-elementor-type=\"wp-post\" data-elementor-id=\"280\" class=\"elementor elementor-280\" data-elementor-post-type=\"page\">\n\t\t\t\t\t\t<header class=\"elementor-section elementor-top-section elementor-element elementor-element-11187fbd elementor-section-full_width elementor-section-height-default elementor-section-height-default\" data-id=\"11187fbd\" data-element_type=\"section\" data-e-type=\"section\">\n\t\t\t\t\t\t<div class=\"elementor-container elementor-column-gap-no\">\n\t\t\t\t\t<div class=\"elementor-column elementor-col-100 elementor-top-column elementor-element elementor-element-48c895a3\" data-id=\"48c895a3\" data-element_type=\"column\" data-e-type=\"column\">\n\t\t\t<div class=\"elementor-widget-wrap elementor-element-populated\">\n\t\t\t\t\t\t<div class=\"elementor-element elementor-element-6214644d elementor-widget__width-inherit elementor--h-position-center elementor--v-position-middle elementor-widget elementor-widget-slides\" data-id=\"6214644d\" data-element_type=\"widget\" data-e-type=\"widget\" data-settings=\"{&quot;navigation&quot;:&quot;none&quot;,&quot;motion_fx_motion_fx_scrolling&quot;:&quot;yes&quot;,&quot;motion_fx_range&quot;:&quot;viewport&quot;,&quot;autoplay&quot;:&quot;yes&quot;,&quot;pause_on_hover&quot;:&quot;yes&quot;,&quot;pause_on_interaction&quot;:&quot;yes&quot;,&quot;autoplay_speed&quot;:5000,&quot;infinite&quot;:&quot;yes&quot;,&quot;transition&quot;:&quot;slide&quot;,&quot;transition_speed&quot;:500,&quot;motion_fx_devices&quot;:[&quot;desktop&quot;,&quot;tablet&quot;,&quot;mobile&quot;]}\" data-widget_type=\"slides.default\">\n\t\t\t\t<div class=\"elementor-widget-container\">\n\t\t\t\t\t\t\t\t\t<div class=\"elementor-swiper\">\n\t\t\t\t\t<div class=\"elementor-slides-wrapper elementor-main-swiper swiper\" role=\"region\" aria-roledescription=\"carousel\" aria-label=\"Slides\" dir=\"ltr\" data-animation=\"fadeInUp\">\n\t\t\t\t<div class=\"swiper-wrapper elementor-slides\">\n\t\t\t\t\t\t\t\t\t\t<div class=\"elementor-repeater-item-51e644d swiper-slide\" role=\"group\" aria-roledescription=\"slide\"><div class=\"swiper-slide-bg elementor-ken-burns elementor-ken-burns--in\" role=\"img\"><\/div><div class=\"elementor-background-overlay\"><\/div><div class=\"swiper-slide-inner\" ><div class=\"swiper-slide-contents\"><div class=\"elementor-slide-heading\">CONTAINER PIZZAS<\/div><div class=\"elementor-slide-description\">SAN FERNANDO<\/div><a href=\"https:\/\/container-pizzas.order.dish.co\/menus\" class=\"elementor-button elementor-slide-button elementor-size-xs\">PIDE ONLINE<\/a><\/div><\/div><\/div>\t\t\t\t<\/div>\n\t\t\t\t\t\t\t<\/div>\n\t\t\t\t<\/div>\n\t\t\t\t\t\t\t\t<\/div>\n\t\t\t\t<\/div>\n\t\t\t\t\t<\/div>\n\t\t<\/div>\n\t\t\t\t\t<\/div>\n\t\t<\/header>\n\t\t\t\t<section class=\"elementor-section elementor-top-section elementor-element elementor-element-be067c8 elementor-section-boxed elementor-section-height-default elementor-section-height-default\" data-id=\"be067c8\" data-element_type=\"section\" data-e-type=\"section\" data-settings=\"{&quot;background_background&quot;:&quot;classic&quot;}\">\n\t\t\t\t\t\t<div class=\"elementor-container elementor-column-gap-default\">\n\t\t\t\t\t<div class=\"elementor-column elementor-col-100 elementor-top-column elementor-element elementor-element-2229a16\" data-id=\"2229a16\" data-element_type=\"column\" data-e-type=\"column\">\n\t\t\t<div class=\"elementor-widget-wrap elementor-element-populated\">\n\t\t\t\t\t\t<div class=\"elementor-element elementor-element-b48b265 elementor-widget elementor-widget-heading\" data-id=\"b48b265\" data-element_type=\"widget\" data-e-type=\"widget\" data-widget_type=\"heading.default\">\n\t\t\t\t<div class=\"elementor-widget-container\">\n\t\t\t\t\t<h2 class=\"elementor-heading-title elementor-size-default\">Haz tu pedido a domicilio<\/h2>\t\t\t\t<\/div>\n\t\t\t\t<\/div>\n\t\t\t\t<div class=\"elementor-element elementor-element-f3c4ae3 elementor-align-center elementor-widget elementor-widget-button\" data-id=\"f3c4ae3\" data-element_type=\"widget\" data-e-type=\"widget\" data-widget_type=\"button.default\">\n\t\t\t\t<div class=\"elementor-widget-container\">\n\t\t\t\t\t\t\t\t\t<div class=\"elementor-button-wrapper\">\n\t\t\t\t\t<a class=\"elementor-button elementor-button-link elementor-size-sm\" href=\"tel:644228445\">\n\t\t\t\t\t\t<span class=\"elementor-button-content-wrapper\">\n\t\t\t\t\t\t\t\t\t<span class=\"elementor-button-text\">LLAMAR<\/span>\n\t\t\t\t\t<\/span>\n\t\t\t\t\t<\/a>\n\t\t\t\t<\/div>\n\t\t\t\t\t\t\t\t<\/div>\n\t\t\t\t<\/div>\n\t\t\t\t<div class=\"elementor-element elementor-element-84ae7a6 elementor-align-center elementor-widget elementor-widget-button\" data-id=\"84ae7a6\" data-element_type=\"widget\" data-e-type=\"widget\" data-widget_type=\"button.default\">\n\t\t\t\t<div class=\"elementor-widget-container\">\n\t\t\t\t\t\t\t\t\t<div class=\"elementor-button-wrapper\">\n\t\t\t\t\t<a class=\"elementor-button elementor-button-link elementor-size-sm\" href=\"https:\/\/container-pizzas.order.dish.co\/menus\">\n\t\t\t\t\t\t<span class=\"elementor-button-content-wrapper\">\n\t\t\t\t\t\t\t\t\t<span class=\"elementor-button-text\">PIDE ONLINE<\/span>\n\t\t\t\t\t<\/span>\n\t\t\t\t\t<\/a>\n\t\t\t\t<\/div>\n\t\t\t\t\t\t\t\t<\/div>\n\t\t\t\t<\/div>\n\t\t\t\t<div class=\"elementor-element elementor-element-f99b485 elementor-widget elementor-widget-spacer\" data-id=\"f99b485\" data-element_type=\"widget\" data-e-type=\"widget\" data-widget_type=\"spacer.default\">\n\t\t\t\t<div class=\"elementor-widget-container\">\n\t\t\t\t\t\t\t<div class=\"elementor-spacer\">\n\t\t\t<div class=\"elementor-spacer-inner\"><\/div>\n\t\t<\/div>\n\t\t\t\t\t\t<\/div>\n\t\t\t\t<\/div>\n\t\t\t\t\t<\/div>\n\t\t<\/div>\n\t\t\t\t\t<\/div>\n\t\t<\/section>\n\t\t\t\t<section class=\"elementor-section elementor-top-section elementor-element elementor-element-fc96f7e elementor-section-boxed elementor-section-height-default elementor-section-height-default\" data-id=\"fc96f7e\" data-element_type=\"section\" data-e-type=\"section\" data-settings=\"{&quot;background_background&quot;:&quot;classic&quot;}\">\n\t\t\t\t\t\t<div class=\"elementor-container elementor-column-gap-default\">\n\t\t\t\t\t<div class=\"elementor-column elementor-col-33 elementor-top-column elementor-element elementor-element-4067968\" data-id=\"4067968\" data-element_type=\"column\" data-e-type=\"column\">\n\t\t\t<div class=\"elementor-widget-wrap elementor-element-populated\">\n\t\t\t\t\t\t<div class=\"elementor-element elementor-element-bedca51 elementor-widget elementor-widget-image\" data-id=\"bedca51\" data-element_type=\"widget\" data-e-type=\"widget\" data-widget_type=\"image.default\">\n\t\t\t\t<div class=\"elementor-widget-container\">\n\t\t\t\t\t\t\t\t\t\t\t\t\t\t\t<img decoding=\"async\" width=\"160\" height=\"160\" src=\"https:\/\/containerpizzas.es\/wp-content\/uploads\/2024\/03\/1.png\" class=\"attachment-large size-large wp-image-2579\" alt=\"\" srcset=\"https:\/\/containerpizzas.es\/wp-content\/uploads\/2024\/03\/1.png 160w, https:\/\/containerpizzas.es\/wp-content\/uploads\/2024\/03\/1-150x150.png 150w\" sizes=\"(max-width: 160px) 100vw, 160px\" \/>\t\t\t\t\t\t\t\t\t\t\t\t\t\t\t<\/div>\n\t\t\t\t<\/div>\n\t\t\t\t<div class=\"elementor-element elementor-element-0793498 elementor-widget elementor-widget-heading\" data-id=\"0793498\" data-element_type=\"widget\" data-e-type=\"widget\" data-widget_type=\"heading.default\">\n\t\t\t\t<div class=\"elementor-widget-container\">\n\t\t\t\t\t<h2 class=\"elementor-heading-title elementor-size-default\"><h4 style=\"margin-bottom: 0px;padding-bottom: 10px;font-size: 16px;vertical-align: baseline;line-height: 1em;font-weight: 900;, display;text-align: center;font-style: normal\"><span style=\"vertical-align: baseline;background: transparent\">ELABORACI\u00d3N<\/span><\/h4><\/h2>\t\t\t\t<\/div>\n\t\t\t\t<\/div>\n\t\t\t\t<div class=\"elementor-element elementor-element-a1543ba elementor-widget elementor-widget-heading\" data-id=\"a1543ba\" data-element_type=\"widget\" data-e-type=\"widget\" data-widget_type=\"heading.default\">\n\t\t\t\t<div class=\"elementor-widget-container\">\n\t\t\t\t\t<h2 class=\"elementor-heading-title elementor-size-default\">Container Pizzas destaca por la cuidadosa elaboraci\u00f3n de pizzas artesanales, utilizando ingredientes frescos y t\u00e9cnicas tradicionales. Disfruta de nuestra pizzer\u00eda en San Fernando.<\/h2>\t\t\t\t<\/div>\n\t\t\t\t<\/div>\n\t\t\t\t\t<\/div>\n\t\t<\/div>\n\t\t\t\t<div class=\"elementor-column elementor-col-33 elementor-top-column elementor-element elementor-element-f9002e1\" data-id=\"f9002e1\" data-element_type=\"column\" data-e-type=\"column\">\n\t\t\t<div class=\"elementor-widget-wrap elementor-element-populated\">\n\t\t\t\t\t\t<div class=\"elementor-element elementor-element-af35b62 elementor-widget elementor-widget-image\" data-id=\"af35b62\" data-element_type=\"widget\" data-e-type=\"widget\" data-widget_type=\"image.default\">\n\t\t\t\t<div class=\"elementor-widget-container\">\n\t\t\t\t\t\t\t\t\t\t\t\t\t\t\t<img decoding=\"async\" width=\"160\" height=\"160\" src=\"https:\/\/containerpizzas.es\/wp-content\/uploads\/2024\/03\/2.png\" class=\"attachment-large size-large wp-image-2580\" alt=\"\" srcset=\"https:\/\/containerpizzas.es\/wp-content\/uploads\/2024\/03\/2.png 160w, https:\/\/containerpizzas.es\/wp-content\/uploads\/2024\/03\/2-150x150.png 150w\" sizes=\"(max-width: 160px) 100vw, 160px\" \/>\t\t\t\t\t\t\t\t\t\t\t\t\t\t\t<\/div>\n\t\t\t\t<\/div>\n\t\t\t\t<div class=\"elementor-element elementor-element-92e303b elementor-widget elementor-widget-heading\" data-id=\"92e303b\" data-element_type=\"widget\" data-e-type=\"widget\" data-widget_type=\"heading.default\">\n\t\t\t\t<div class=\"elementor-widget-container\">\n\t\t\t\t\t<h2 class=\"elementor-heading-title elementor-size-default\"><h4 style=\"margin-bottom: 0px;padding-bottom: 10px;font-size: 18px;vertical-align: baseline;line-height: 1em;font-weight: 900;, display;text-align: center;font-style: normal\"><span style=\"vertical-align: baseline;background: transparent\">PRODUCTOS<\/span><\/h4><\/h2>\t\t\t\t<\/div>\n\t\t\t\t<\/div>\n\t\t\t\t<div class=\"elementor-element elementor-element-876feb2 elementor-widget elementor-widget-heading\" data-id=\"876feb2\" data-element_type=\"widget\" data-e-type=\"widget\" data-widget_type=\"heading.default\">\n\t\t\t\t<div class=\"elementor-widget-container\">\n\t\t\t\t\t<h2 class=\"elementor-heading-title elementor-size-default\">Destacamos por la gran calidad de todos nuestros productos, ofreciendo una amplia variedad de platos en nuestra carta.<\/h2>\t\t\t\t<\/div>\n\t\t\t\t<\/div>\n\t\t\t\t\t<\/div>\n\t\t<\/div>\n\t\t\t\t<div class=\"elementor-column elementor-col-33 elementor-top-column elementor-element elementor-element-86e3ced\" data-id=\"86e3ced\" data-element_type=\"column\" data-e-type=\"column\">\n\t\t\t<div class=\"elementor-widget-wrap elementor-element-populated\">\n\t\t\t\t\t\t<div class=\"elementor-element elementor-element-c9891e6 elementor-widget elementor-widget-image\" data-id=\"c9891e6\" data-element_type=\"widget\" data-e-type=\"widget\" data-widget_type=\"image.default\">\n\t\t\t\t<div class=\"elementor-widget-container\">\n\t\t\t\t\t\t\t\t\t\t\t\t\t\t\t<img decoding=\"async\" width=\"160\" height=\"160\" src=\"https:\/\/containerpizzas.es\/wp-content\/uploads\/2024\/03\/3.png\" class=\"attachment-large size-large wp-image-2581\" alt=\"\" srcset=\"https:\/\/containerpizzas.es\/wp-content\/uploads\/2024\/03\/3.png 160w, https:\/\/containerpizzas.es\/wp-content\/uploads\/2024\/03\/3-150x150.png 150w\" sizes=\"(max-width: 160px) 100vw, 160px\" \/>\t\t\t\t\t\t\t\t\t\t\t\t\t\t\t<\/div>\n\t\t\t\t<\/div>\n\t\t\t\t<div class=\"elementor-element elementor-element-6eb9a72 elementor-widget elementor-widget-heading\" data-id=\"6eb9a72\" data-element_type=\"widget\" data-e-type=\"widget\" data-widget_type=\"heading.default\">\n\t\t\t\t<div class=\"elementor-widget-container\">\n\t\t\t\t\t<h2 class=\"elementor-heading-title elementor-size-default\"><h4 class=\"et_pb_module_header\" style=\"margin-bottom: 0px;padding-bottom: 10px;font-size: 18px;vertical-align: baseline;line-height: 1em;font-weight: 900;, display;text-align: center;font-style: normal\"><span style=\"vertical-align: baseline;background: transparent\">SERVICIO<\/span><\/h4><\/h2>\t\t\t\t<\/div>\n\t\t\t\t<\/div>\n\t\t\t\t<div class=\"elementor-element elementor-element-1a7a2e8 elementor-widget elementor-widget-heading\" data-id=\"1a7a2e8\" data-element_type=\"widget\" data-e-type=\"widget\" data-widget_type=\"heading.default\">\n\t\t\t\t<div class=\"elementor-widget-container\">\n\t\t\t\t\t<h2 class=\"elementor-heading-title elementor-size-default\">Todo el \u00e9xito de Container Pizzas, no ser\u00eda posible sin su gran servicio que le ofrecemos a todos nuestros clientes d\u00eda tras d\u00eda.\n\n<\/h2>\t\t\t\t<\/div>\n\t\t\t\t<\/div>\n\t\t\t\t\t<\/div>\n\t\t<\/div>\n\t\t\t\t\t<\/div>\n\t\t<\/section>\n\t\t\t\t<section class=\"elementor-section elementor-top-section elementor-element elementor-element-d1c2bb1 elementor-section-boxed elementor-section-height-default elementor-section-height-default\" data-id=\"d1c2bb1\" data-element_type=\"section\" data-e-type=\"section\" data-settings=\"{&quot;background_background&quot;:&quot;classic&quot;}\">\n\t\t\t\t\t\t<div class=\"elementor-container elementor-column-gap-default\">\n\t\t\t\t\t<div class=\"elementor-column elementor-col-50 elementor-top-column elementor-element elementor-element-ccfbf6e\" data-id=\"ccfbf6e\" data-element_type=\"column\" data-e-type=\"column\">\n\t\t\t<div class=\"elementor-widget-wrap elementor-element-populated\">\n\t\t\t\t\t\t<div class=\"elementor-element elementor-element-cc35bc6 elementor-widget elementor-widget-image\" data-id=\"cc35bc6\" data-element_type=\"widget\" data-e-type=\"widget\" data-widget_type=\"image.default\">\n\t\t\t\t<div class=\"elementor-widget-container\">\n\t\t\t\t\t\t\t\t\t\t\t\t\t\t\t<img loading=\"lazy\" decoding=\"async\" width=\"300\" height=\"77\" src=\"https:\/\/containerpizzas.es\/wp-content\/uploads\/2024\/03\/LOGO-RED.ES_-300x77.jpg\" class=\"attachment-medium size-medium wp-image-2593\" alt=\"\" srcset=\"https:\/\/containerpizzas.es\/wp-content\/uploads\/2024\/03\/LOGO-RED.ES_-300x77.jpg 300w, https:\/\/containerpizzas.es\/wp-content\/uploads\/2024\/03\/LOGO-RED.ES_-1024x264.jpg 1024w, https:\/\/containerpizzas.es\/wp-content\/uploads\/2024\/03\/LOGO-RED.ES_-768x198.jpg 768w, https:\/\/containerpizzas.es\/wp-content\/uploads\/2024\/03\/LOGO-RED.ES_-1536x396.jpg 1536w, https:\/\/containerpizzas.es\/wp-content\/uploads\/2024\/03\/LOGO-RED.ES_.jpg 1600w\" sizes=\"(max-width: 300px) 100vw, 300px\" \/>\t\t\t\t\t\t\t\t\t\t\t\t\t\t\t<\/div>\n\t\t\t\t<\/div>\n\t\t\t\t\t<\/div>\n\t\t<\/div>\n\t\t\t\t<div class=\"elementor-column elementor-col-50 elementor-top-column elementor-element elementor-element-f352427\" data-id=\"f352427\" data-element_type=\"column\" data-e-type=\"column\">\n\t\t\t<div class=\"elementor-widget-wrap elementor-element-populated\">\n\t\t\t\t\t\t<div class=\"elementor-element elementor-element-906f7c1 elementor-widget elementor-widget-image\" data-id=\"906f7c1\" data-element_type=\"widget\" data-e-type=\"widget\" data-widget_type=\"image.default\">\n\t\t\t\t<div class=\"elementor-widget-container\">\n\t\t\t\t\t\t\t\t\t\t\t\t\t\t\t<img loading=\"lazy\" decoding=\"async\" width=\"300\" height=\"77\" src=\"https:\/\/containerpizzas.es\/wp-content\/uploads\/2024\/03\/LOGO-UNION-EUROPEA-300x77.jpg\" class=\"attachment-medium size-medium wp-image-2594\" alt=\"\" srcset=\"https:\/\/containerpizzas.es\/wp-content\/uploads\/2024\/03\/LOGO-UNION-EUROPEA-300x77.jpg 300w, https:\/\/containerpizzas.es\/wp-content\/uploads\/2024\/03\/LOGO-UNION-EUROPEA-1024x264.jpg 1024w, https:\/\/containerpizzas.es\/wp-content\/uploads\/2024\/03\/LOGO-UNION-EUROPEA-768x198.jpg 768w, https:\/\/containerpizzas.es\/wp-content\/uploads\/2024\/03\/LOGO-UNION-EUROPEA-1536x396.jpg 1536w, https:\/\/containerpizzas.es\/wp-content\/uploads\/2024\/03\/LOGO-UNION-EUROPEA.jpg 1600w\" sizes=\"(max-width: 300px) 100vw, 300px\" \/>\t\t\t\t\t\t\t\t\t\t\t\t\t\t\t<\/div>\n\t\t\t\t<\/div>\n\t\t\t\t\t<\/div>\n\t\t<\/div>\n\t\t\t\t\t<\/div>\n\t\t<\/section>\n\t\t\t\t<section class=\"elementor-section elementor-top-section elementor-element elementor-element-71d2518 elementor-section-boxed elementor-section-height-default elementor-section-height-default\" data-id=\"71d2518\" data-element_type=\"section\" data-e-type=\"section\" data-settings=\"{&quot;background_background&quot;:&quot;classic&quot;}\">\n\t\t\t\t\t\t<div class=\"elementor-container elementor-column-gap-default\">\n\t\t\t\t\t<div class=\"elementor-column elementor-col-100 elementor-top-column elementor-element elementor-element-2392832\" data-id=\"2392832\" data-element_type=\"column\" data-e-type=\"column\">\n\t\t\t<div class=\"elementor-widget-wrap elementor-element-populated\">\n\t\t\t\t\t\t<div class=\"elementor-element elementor-element-08f8acc elementor-widget elementor-widget-heading\" data-id=\"08f8acc\" data-element_type=\"widget\" data-e-type=\"widget\" data-widget_type=\"heading.default\">\n\t\t\t\t<div class=\"elementor-widget-container\">\n\t\t\t\t\t<h3 class=\"elementor-heading-title elementor-size-default\">Financiado por la Uni\u00f3n Europea \u2013 NextGenerationEU<\/h3>\t\t\t\t<\/div>\n\t\t\t\t<\/div>\n\t\t\t\t\t<\/div>\n\t\t<\/div>\n\t\t\t\t\t<\/div>\n\t\t<\/section>\n\t\t\t\t<\/div>\n\t\t","protected":false},"excerpt":{"rendered":"<p>CONTAINER PIZZASSAN FERNANDOPIDE ONLINE Haz tu pedido a domicilio LLAMAR PIDE ONLINE ELABORACI\u00d3N Container Pizzas destaca por la cuidadosa elaboraci\u00f3n de pizzas artesanales, utilizando ingredientes frescos y t\u00e9cnicas tradicionales. Disfruta de nuestra pizzer\u00eda en San Fernando. PRODUCTOS Destacamos por la gran calidad de todos nuestros productos, ofreciendo una amplia variedad de platos en nuestra carta. &#8230; <a title=\"Inicio\" class=\"read-more\" href=\"https:\/\/containerpizzas.es\/en\/\" aria-label=\"Read more about Inicio\">Read more<\/a><\/p>","protected":false},"author":5,"featured_media":0,"parent":0,"menu_order":0,"comment_status":"closed","ping_status":"closed","template":"elementor_canvas","meta":{"footnotes":""},"class_list":["post-280","page","type-page","status-publish"],"yoast_head":"<!-- This site is optimized with the Yoast SEO plugin v27.1.1 - https:\/\/yoast.com\/product\/yoast-seo-wordpress\/ -->\n<title>Inicio - Container Pizzas<\/title>\n<meta name=\"description\" content=\"Pizzer\u00eda de San Fernando con servicio a domicilio. Pregunta por nuestras especialidades.\" \/>\n<meta name=\"robots\" content=\"index, follow, max-snippet:-1, max-image-preview:large, max-video-preview:-1\" \/>\n<link rel=\"canonical\" href=\"https:\/\/containerpizzas.es\/en\/\" \/>\n<meta property=\"og:locale\" content=\"en_GB\" \/>\n<meta property=\"og:type\" content=\"article\" \/>\n<meta property=\"og:title\" content=\"Inicio - Container Pizzas\" \/>\n<meta property=\"og:description\" content=\"Pizzer\u00eda de San Fernando con servicio a domicilio. Pregunta por nuestras especialidades.\" \/>\n<meta property=\"og:url\" content=\"https:\/\/containerpizzas.es\/en\/\" \/>\n<meta property=\"og:site_name\" content=\"Container Pizzas\" \/>\n<meta property=\"article:publisher\" content=\"https:\/\/www.facebook.com\/Pizzer%c3%ada-Voy-Volando-C%c3%a1diz-211703398860560\/\" \/>\n<meta property=\"article:modified_time\" content=\"2025-12-17T09:26:11+00:00\" \/>\n<meta property=\"og:image\" content=\"https:\/\/containerpizzas.es\/wp-content\/uploads\/2024\/03\/1.png\" \/>\n\t<meta property=\"og:image:width\" content=\"160\" \/>\n\t<meta property=\"og:image:height\" content=\"160\" \/>\n\t<meta property=\"og:image:type\" content=\"image\/png\" \/>\n<meta name=\"twitter:card\" content=\"summary_large_image\" \/>\n<meta name=\"twitter:label1\" content=\"Estimated reading time\" \/>\n\t<meta name=\"twitter:data1\" content=\"2 minutes\" \/>\n<script type=\"application\/ld+json\" class=\"yoast-schema-graph\">{\"@context\":\"https:\/\/schema.org\",\"@graph\":[{\"@type\":\"WebPage\",\"@id\":\"https:\/\/containerpizzas.es\/\",\"url\":\"https:\/\/containerpizzas.es\/\",\"name\":\"Inicio - Container Pizzas\",\"isPartOf\":{\"@id\":\"https:\/\/containerpizzas.es\/#website\"},\"primaryImageOfPage\":{\"@id\":\"https:\/\/containerpizzas.es\/#primaryimage\"},\"image\":{\"@id\":\"https:\/\/containerpizzas.es\/#primaryimage\"},\"thumbnailUrl\":\"https:\/\/containerpizzas.es\/wp-content\/uploads\/2024\/03\/1.png\",\"datePublished\":\"2019-04-17T17:27:32+00:00\",\"dateModified\":\"2025-12-17T09:26:11+00:00\",\"description\":\"Pizzer\u00eda de San Fernando con servicio a domicilio. Pregunta por nuestras especialidades.\",\"breadcrumb\":{\"@id\":\"https:\/\/containerpizzas.es\/#breadcrumb\"},\"inLanguage\":\"en-GB\",\"potentialAction\":[{\"@type\":\"ReadAction\",\"target\":[\"https:\/\/containerpizzas.es\/\"]}]},{\"@type\":\"ImageObject\",\"inLanguage\":\"en-GB\",\"@id\":\"https:\/\/containerpizzas.es\/#primaryimage\",\"url\":\"https:\/\/containerpizzas.es\/wp-content\/uploads\/2024\/03\/1.png\",\"contentUrl\":\"https:\/\/containerpizzas.es\/wp-content\/uploads\/2024\/03\/1.png\"},{\"@type\":\"BreadcrumbList\",\"@id\":\"https:\/\/containerpizzas.es\/#breadcrumb\",\"itemListElement\":[{\"@type\":\"ListItem\",\"position\":1,\"name\":\"Portada\",\"item\":\"https:\/\/containerpizzas.es\/\"},{\"@type\":\"ListItem\",\"position\":2,\"name\":\"Inicio\"}]},{\"@type\":\"WebSite\",\"@id\":\"https:\/\/containerpizzas.es\/#website\",\"url\":\"https:\/\/containerpizzas.es\/\",\"name\":\"Pizzer\u00edas VOY VOLANDO\",\"description\":\"Pizzer\u00eda San Fernando Container Pizzas\",\"publisher\":{\"@id\":\"https:\/\/containerpizzas.es\/#organization\"},\"potentialAction\":[{\"@type\":\"SearchAction\",\"target\":{\"@type\":\"EntryPoint\",\"urlTemplate\":\"https:\/\/containerpizzas.es\/?s={search_term_string}\"},\"query-input\":{\"@type\":\"PropertyValueSpecification\",\"valueRequired\":true,\"valueName\":\"search_term_string\"}}],\"inLanguage\":\"en-GB\"},{\"@type\":\"Organization\",\"@id\":\"https:\/\/containerpizzas.es\/#organization\",\"name\":\"Pizzer\u00eda Voy Volando C\u00e1diz\",\"url\":\"https:\/\/containerpizzas.es\/\",\"logo\":{\"@type\":\"ImageObject\",\"inLanguage\":\"en-GB\",\"@id\":\"https:\/\/containerpizzas.es\/#\/schema\/logo\/image\/\",\"url\":\"https:\/\/pizzeriapuerto.es\/wp-content\/uploads\/2019\/02\/logo_t_a.png\",\"contentUrl\":\"https:\/\/pizzeriapuerto.es\/wp-content\/uploads\/2019\/02\/logo_t_a.png\",\"width\":350,\"height\":65,\"caption\":\"Pizzer\u00eda Voy Volando C\u00e1diz\"},\"image\":{\"@id\":\"https:\/\/containerpizzas.es\/#\/schema\/logo\/image\/\"},\"sameAs\":[\"https:\/\/www.facebook.com\/Pizzer\u00eda-Voy-Volando-C\u00e1diz-211703398860560\/\"]}]}<\/script>\n<!-- \/ Yoast SEO plugin. -->","yoast_head_json":{"title":"Inicio - Container Pizzas","description":"Pizzer\u00eda de San Fernando con servicio a domicilio. Pregunta por nuestras especialidades.","robots":{"index":"index","follow":"follow","max-snippet":"max-snippet:-1","max-image-preview":"max-image-preview:large","max-video-preview":"max-video-preview:-1"},"canonical":"https:\/\/containerpizzas.es\/en\/","og_locale":"en_GB","og_type":"article","og_title":"Inicio - Container Pizzas","og_description":"Pizzer\u00eda de San Fernando con servicio a domicilio. Pregunta por nuestras especialidades.","og_url":"https:\/\/containerpizzas.es\/en\/","og_site_name":"Container Pizzas","article_publisher":"https:\/\/www.facebook.com\/Pizzer%c3%ada-Voy-Volando-C%c3%a1diz-211703398860560\/","article_modified_time":"2025-12-17T09:26:11+00:00","og_image":[{"width":160,"height":160,"url":"https:\/\/containerpizzas.es\/wp-content\/uploads\/2024\/03\/1.png","type":"image\/png"}],"twitter_card":"summary_large_image","twitter_misc":{"Estimated reading time":"2 minutes"},"schema":{"@context":"https:\/\/schema.org","@graph":[{"@type":"WebPage","@id":"https:\/\/containerpizzas.es\/","url":"https:\/\/containerpizzas.es\/","name":"Inicio - Container Pizzas","isPartOf":{"@id":"https:\/\/containerpizzas.es\/#website"},"primaryImageOfPage":{"@id":"https:\/\/containerpizzas.es\/#primaryimage"},"image":{"@id":"https:\/\/containerpizzas.es\/#primaryimage"},"thumbnailUrl":"https:\/\/containerpizzas.es\/wp-content\/uploads\/2024\/03\/1.png","datePublished":"2019-04-17T17:27:32+00:00","dateModified":"2025-12-17T09:26:11+00:00","description":"Pizzer\u00eda de San Fernando con servicio a domicilio. Pregunta por nuestras especialidades.","breadcrumb":{"@id":"https:\/\/containerpizzas.es\/#breadcrumb"},"inLanguage":"en-GB","potentialAction":[{"@type":"ReadAction","target":["https:\/\/containerpizzas.es\/"]}]},{"@type":"ImageObject","inLanguage":"en-GB","@id":"https:\/\/containerpizzas.es\/#primaryimage","url":"https:\/\/containerpizzas.es\/wp-content\/uploads\/2024\/03\/1.png","contentUrl":"https:\/\/containerpizzas.es\/wp-content\/uploads\/2024\/03\/1.png"},{"@type":"BreadcrumbList","@id":"https:\/\/containerpizzas.es\/#breadcrumb","itemListElement":[{"@type":"ListItem","position":1,"name":"Portada","item":"https:\/\/containerpizzas.es\/"},{"@type":"ListItem","position":2,"name":"Inicio"}]},{"@type":"WebSite","@id":"https:\/\/containerpizzas.es\/#website","url":"https:\/\/containerpizzas.es\/","name":"Pizzer\u00edas VOY VOLANDO","description":"Pizzer\u00eda San Fernando Container Pizzas","publisher":{"@id":"https:\/\/containerpizzas.es\/#organization"},"potentialAction":[{"@type":"SearchAction","target":{"@type":"EntryPoint","urlTemplate":"https:\/\/containerpizzas.es\/?s={search_term_string}"},"query-input":{"@type":"PropertyValueSpecification","valueRequired":true,"valueName":"search_term_string"}}],"inLanguage":"en-GB"},{"@type":"Organization","@id":"https:\/\/containerpizzas.es\/#organization","name":"Pizzer\u00eda Voy Volando C\u00e1diz","url":"https:\/\/containerpizzas.es\/","logo":{"@type":"ImageObject","inLanguage":"en-GB","@id":"https:\/\/containerpizzas.es\/#\/schema\/logo\/image\/","url":"https:\/\/pizzeriapuerto.es\/wp-content\/uploads\/2019\/02\/logo_t_a.png","contentUrl":"https:\/\/pizzeriapuerto.es\/wp-content\/uploads\/2019\/02\/logo_t_a.png","width":350,"height":65,"caption":"Pizzer\u00eda Voy Volando C\u00e1diz"},"image":{"@id":"https:\/\/containerpizzas.es\/#\/schema\/logo\/image\/"},"sameAs":["https:\/\/www.facebook.com\/Pizzer\u00eda-Voy-Volando-C\u00e1diz-211703398860560\/"]}]}},"_links":{"self":[{"href":"https:\/\/containerpizzas.es\/en\/wp-json\/wp\/v2\/pages\/280","targetHints":{"allow":["GET"]}}],"collection":[{"href":"https:\/\/containerpizzas.es\/en\/wp-json\/wp\/v2\/pages"}],"about":[{"href":"https:\/\/containerpizzas.es\/en\/wp-json\/wp\/v2\/types\/page"}],"author":[{"embeddable":true,"href":"https:\/\/containerpizzas.es\/en\/wp-json\/wp\/v2\/users\/5"}],"replies":[{"embeddable":true,"href":"https:\/\/containerpizzas.es\/en\/wp-json\/wp\/v2\/comments?post=280"}],"version-history":[{"count":469,"href":"https:\/\/containerpizzas.es\/en\/wp-json\/wp\/v2\/pages\/280\/revisions"}],"predecessor-version":[{"id":3300,"href":"https:\/\/containerpizzas.es\/en\/wp-json\/wp\/v2\/pages\/280\/revisions\/3300"}],"wp:attachment":[{"href":"https:\/\/containerpizzas.es\/en\/wp-json\/wp\/v2\/media?parent=280"}],"curies":[{"name":"wp","href":"https:\/\/api.w.org\/{rel}","templated":true}]}}